{"id":92,"date":"2018-09-18T12:52:26","date_gmt":"2018-09-18T10:52:26","guid":{"rendered":"http:\/\/un-nouveau-monde.fr\/?page_id=92"},"modified":"2026-03-07T19:49:07","modified_gmt":"2026-03-07T18:49:07","slug":"a-propos","status":"publish","type":"page","link":"http:\/\/un-nouveau-monde.fr\/?page_id=92","title":{"rendered":"A Propos"},"content":{"rendered":"<h3><img decoding=\"async\" loading=\"lazy\" class=\"aligncenter size-full wp-image-392\" src=\"http:\/\/un-nouveau-monde.fr\/wp-content\/uploads\/2019\/09\/Logojpg.jpg\" alt=\"\" width=\"800\" height=\"515\" srcset=\"http:\/\/un-nouveau-monde.fr\/wp-content\/uploads\/2019\/09\/Logojpg.jpg 800w, http:\/\/un-nouveau-monde.fr\/wp-content\/uploads\/2019\/09\/Logojpg-300x193.jpg 300w, http:\/\/un-nouveau-monde.fr\/wp-content\/uploads\/2019\/09\/Logojpg-768x494.jpg 768w\" sizes=\"(max-width: 800px) 100vw, 800px\" \/><\/h3>\n<h3 class=\"entry-content\">Historique<\/h3>\n<p class=\"entry-content\">Depuis 1993, La Maison Pour Tous Un Nouveau Monde d\u00e9veloppe des actions a caract\u00e8re social et culturel sur le territoire de la Communaut\u00e9 de Communes Arcis Mailly Ramerupt. L\u2019Association est n\u00e9e de la volont\u00e9 de la commune d&rsquo;Arcis sur Aube et des habitants d\u2019organiser des activit\u00e9s en direction des adolescents et des familles<\/p>\n<div class=\"entry-content\">A partir de 1995 l\u2019association s\u2019est Professionnalis\u00e9e en s\u2019affiliant au r\u00e9seau Maison pour tous et par l\u2019embauche d\u2019animateurs, d\u2019agents d\u2019accueils via les emplois-jeunes et ensuite des directeurs responsables de structure. L\u2019ann\u00e9e 1998 a \u00e9t\u00e9 marqu\u00e9 par l\u2019obtention du premier agr\u00e9ment centre social d\u00e9livr\u00e9 par la caisse d\u2019Allocation Familiales de l\u2019Aube.<br \/>\nLa Maison pour Tous a obtenu un second agr\u00e9ment Espace de Vie Sociale en 2024 sur la commune de Mailly le Camp.<\/div>\n<h3 class=\"entry-content\">Un espace de vie sociale et un centre social, pourquoi faire ?<\/h3>\n<div class=\"entry-content\">Ce sont des lieux de proximit\u00e9\u00a0 \u00e0 vocation globale familiale et interg\u00e9n\u00e9rationnel qui accueillent toute la population en veillant \u00e0 la mixit\u00e9 sociale ; ils sont ouverts \u00e0 l\u2019ensemble de la population \u00e0 qui ils offrent un accueil, des activit\u00e9s et des services ; par l\u00e0 m\u00eame ils sont en capacit\u00e9 de d\u00e9celer les besoins et les attentes des usagers et des habitants. ce sont des lieux de rencontre,\u00a0 d\u2019\u00e9change entre les g\u00e9n\u00e9rations.\u00a0 Ils favorisent le d\u00e9veloppement des liens familiaux et sociaux.<br \/>\nCe sont \u00e9galement des lieux d\u2019animation de la vie sociale permettant aux habitants d\u2019exprimer, de concevoir et de r\u00e9aliser leurs projets : ils prennent en compte l\u2019expression des demandes et des initiatives des usagers et des habitants, et favorisent la vie sociale et la vie associative. Ils proposent des activit\u00e9s ou des services \u00e0 finalit\u00e9 sociale, \u00e9ducative, culturelle ou de loisirs, ainsi que des actions sp\u00e9cifiques pour r\u00e9pondre aux probl\u00e9matique sociales du territoire. Ils favorisent le d\u00e9veloppement des initiatives des usagers en mettant les<br \/>\nmoyens humains et logistique a disposition.<\/div>\n<p>&nbsp;<\/p>\n","protected":false},"excerpt":{"rendered":"<p>Historique Depuis 1993, La Maison Pour Tous Un Nouveau Monde d\u00e9veloppe des actions a caract\u00e8re social et culturel sur le territoire de la Communaut\u00e9 de Communes Arcis Mailly Ramerupt. L\u2019Association est n\u00e9e de la volont\u00e9 de la commune d&rsquo;Arcis sur Aube et des habitants d\u2019organiser des activit\u00e9s en direction des adolescents et des familles A &hellip; <a href=\"http:\/\/un-nouveau-monde.fr\/?page_id=92\" class=\"more-link\">Lire la suite de <span class=\"screen-reader-text\">A Propos<\/span><\/a><\/p>\n","protected":false},"author":1,"featured_media":640,"parent":0,"menu_order":0,"comment_status":"closed","ping_status":"closed","template":"","meta":[],"_links":{"self":[{"href":"http:\/\/un-nouveau-monde.fr\/index.php?rest_route=\/wp\/v2\/pages\/92"}],"collection":[{"href":"http:\/\/un-nouveau-monde.fr\/index.php?rest_route=\/wp\/v2\/pages"}],"about":[{"href":"http:\/\/un-nouveau-monde.fr\/index.php?rest_route=\/wp\/v2\/types\/page"}],"author":[{"embeddable":true,"href":"http:\/\/un-nouveau-monde.fr\/index.php?rest_route=\/wp\/v2\/users\/1"}],"replies":[{"embeddable":true,"href":"http:\/\/un-nouveau-monde.fr\/index.php?rest_route=%2Fwp%2Fv2%2Fcomments&post=92"}],"version-history":[{"count":26,"href":"http:\/\/un-nouveau-monde.fr\/index.php?rest_route=\/wp\/v2\/pages\/92\/revisions"}],"predecessor-version":[{"id":1242,"href":"http:\/\/un-nouveau-monde.fr\/index.php?rest_route=\/wp\/v2\/pages\/92\/revisions\/1242"}],"wp:featuredmedia":[{"embeddable":true,"href":"http:\/\/un-nouveau-monde.fr\/index.php?rest_route=\/wp\/v2\/media\/640"}],"wp:attachment":[{"href":"http:\/\/un-nouveau-monde.fr\/index.php?rest_route=%2Fwp%2Fv2%2Fmedia&parent=92"}],"curies":[{"name":"wp","href":"https:\/\/api.w.org\/{rel}","templated":true}]}}