{"id":48,"date":"2020-07-06T11:57:47","date_gmt":"2020-07-06T09:57:47","guid":{"rendered":"http:\/\/un-nouveau-monde.fr\/?page_id=48"},"modified":"2026-03-10T10:55:27","modified_gmt":"2026-03-10T09:55:27","slug":"accueil","status":"publish","type":"page","link":"http:\/\/un-nouveau-monde.fr\/?page_id=48","title":{"rendered":"Bienvenue"},"content":{"rendered":"<h2 style=\"text-align: center;\">La Maison Pour Tous<br \/>Un Nouveau Monde<\/h2>\r\n<h3 style=\"text-align: center;\">Arcis-sur-Aube<\/h3>\r\n<p>Une \u00e9quipe de professionnels et de b\u00e9n\u00e9voles travaille de concert pour l\u2019animation du territoire. La MPT se\u00a0 veut un lieu de proximit\u00e9 \u00e0 vocation globale, familiale et interg\u00e9n\u00e9rationnelle qui accueille l\u2019ensemble de la population en veillant \u00e0 la mixit\u00e9 sociale et en favorisant le d\u00e9veloppement des liens familiaux et sociaux. Il met des moyens humains et logistiques \u00e0 leur disposition.<br \/>C\u2019est aussi simple que \u00e7a !<\/p>\r\n<p><a class=\"button\" href=\"http:\/\/un-nouveau-monde.fr\/?page_id=92\"><em>Pour en Savoir Plus<\/em><\/a><\/p>\r\n<p><img decoding=\"async\" loading=\"lazy\" class=\"wp-image-392 alignleft\" src=\"http:\/\/un-nouveau-monde.fr\/wp-content\/uploads\/2019\/09\/Logojpg.jpg\" alt=\"\" width=\"298\" height=\"192\" srcset=\"http:\/\/un-nouveau-monde.fr\/wp-content\/uploads\/2019\/09\/Logojpg.jpg 800w, http:\/\/un-nouveau-monde.fr\/wp-content\/uploads\/2019\/09\/Logojpg-300x193.jpg 300w, http:\/\/un-nouveau-monde.fr\/wp-content\/uploads\/2019\/09\/Logojpg-768x494.jpg 768w\" sizes=\"(max-width: 298px) 100vw, 298px\" \/><\/p>\r\n<h2 style=\"text-align: left;\">Nos partenaires :<\/h2>\r\n\r\n<figure class=\"wp-block-image\"><img decoding=\"async\" loading=\"lazy\" class=\"wp-image-301\" src=\"http:\/\/un-nouveau-monde.fr\/wp-content\/uploads\/2019\/03\/Partenaires-969x1024.jpg\" alt=\"\" width=\"211\" height=\"223\" srcset=\"http:\/\/un-nouveau-monde.fr\/wp-content\/uploads\/2019\/03\/Partenaires-969x1024.jpg 969w, http:\/\/un-nouveau-monde.fr\/wp-content\/uploads\/2019\/03\/Partenaires-284x300.jpg 284w, http:\/\/un-nouveau-monde.fr\/wp-content\/uploads\/2019\/03\/Partenaires-768x811.jpg 768w, http:\/\/un-nouveau-monde.fr\/wp-content\/uploads\/2019\/03\/Partenaires.jpg 1186w\" sizes=\"(max-width: 211px) 100vw, 211px\" \/><\/figure>\r\n","protected":false},"excerpt":{"rendered":"<p>La Maison Pour TousUn Nouveau Monde Arcis-sur-Aube Une \u00e9quipe de professionnels et de b\u00e9n\u00e9voles travaille de concert pour l\u2019animation du territoire. La MPT se\u00a0 veut un lieu de proximit\u00e9 \u00e0 vocation globale, familiale et interg\u00e9n\u00e9rationnelle qui accueille l\u2019ensemble de la population en veillant \u00e0 la mixit\u00e9 sociale et en favorisant le d\u00e9veloppement des liens familiaux &hellip; <a href=\"http:\/\/un-nouveau-monde.fr\/?page_id=48\" class=\"more-link\">Lire la suite de <span class=\"screen-reader-text\">Bienvenue<\/span><\/a><\/p>\n","protected":false},"author":1,"featured_media":1262,"parent":0,"menu_order":0,"comment_status":"closed","ping_status":"closed","template":"","meta":[],"_links":{"self":[{"href":"http:\/\/un-nouveau-monde.fr\/index.php?rest_route=\/wp\/v2\/pages\/48"}],"collection":[{"href":"http:\/\/un-nouveau-monde.fr\/index.php?rest_route=\/wp\/v2\/pages"}],"about":[{"href":"http:\/\/un-nouveau-monde.fr\/index.php?rest_route=\/wp\/v2\/types\/page"}],"author":[{"embeddable":true,"href":"http:\/\/un-nouveau-monde.fr\/index.php?rest_route=\/wp\/v2\/users\/1"}],"replies":[{"embeddable":true,"href":"http:\/\/un-nouveau-monde.fr\/index.php?rest_route=%2Fwp%2Fv2%2Fcomments&post=48"}],"version-history":[{"count":39,"href":"http:\/\/un-nouveau-monde.fr\/index.php?rest_route=\/wp\/v2\/pages\/48\/revisions"}],"predecessor-version":[{"id":1249,"href":"http:\/\/un-nouveau-monde.fr\/index.php?rest_route=\/wp\/v2\/pages\/48\/revisions\/1249"}],"wp:featuredmedia":[{"embeddable":true,"href":"http:\/\/un-nouveau-monde.fr\/index.php?rest_route=\/wp\/v2\/media\/1262"}],"wp:attachment":[{"href":"http:\/\/un-nouveau-monde.fr\/index.php?rest_route=%2Fwp%2Fv2%2Fmedia&parent=48"}],"curies":[{"name":"wp","href":"https:\/\/api.w.org\/{rel}","templated":true}]}}